{"id":3672,"date":"2014-10-13T11:06:47","date_gmt":"2014-10-13T10:06:47","guid":{"rendered":"https:\/\/viavegetale.com\/?page_id=3672"},"modified":"2020-03-04T09:58:12","modified_gmt":"2020-03-04T08:58:12","slug":"sustainable-nitrogen-supply-for-wheat","status":"publish","type":"page","link":"https:\/\/viavegetale.com\/en\/about-nitrogen\/sustainable-nitrogen-supply-for-wheat\/","title":{"rendered":"Sustainable Nitrogen supply"},"content":{"rendered":"<section class=\"l-section wpb_row us_custom_e11ab399 height_small\"><div class=\"l-section-h i-cf\"><div class=\"g-cols vc_row via_flex valign_middle type_default stacking_default\"><div class=\"vc_col-sm-6 wpb_column vc_column_container\"><div class=\"vc_column-inner\"><div class=\"wpb_wrapper\"><h1 class=\"w-post-elm post_title us_custom_607cd7e8 entry-title color_link_inherit\">Sustainable Nitrogen supply<\/h1><\/div><\/div><\/div><div class=\"vc_col-sm-6 wpb_column vc_column_container\"><div class=\"vc_column-inner\"><div class=\"wpb_wrapper\"><nav class=\"g-breadcrumbs us_custom_ea2be81a separator_icon align_right\" itemscope itemtype=\"http:\/\/schema.org\/BreadcrumbList\"><div class=\"g-breadcrumbs-item\" itemscope itemprop=\"itemListElement\" itemtype=\"http:\/\/schema.org\/ListItem\"><a itemprop=\"item\" href=\"https:\/\/viavegetale.com\/en\/\"><span itemprop=\"name\">Home<\/span><\/a><meta itemprop=\"position\" content=\"1\"\/><\/div><div class=\"g-breadcrumbs-separator\"><i class=\"far fa-angle-right\"><\/i><\/div><div class=\"g-breadcrumbs-item\">Pages<\/div><\/nav><\/div><\/div><\/div><\/div><\/div><\/section><section class=\"l-section wpb_row height_medium\"><div class=\"l-section-h i-cf\"><div class=\"g-cols vc_row via_flex valign_top type_default stacking_default\"><div class=\"vc_col-sm-12 wpb_column vc_column_container\"><div class=\"vc_column-inner\"><div class=\"wpb_wrapper\"><div class=\"wpb_text_column\"><div class=\"wpb_wrapper\"><p style=\"text-align: center\"><em>D\u00e9terminer une dose d&#8217;azote pr\u00e9visionnelle : <strong>c&#8217;est facile.<\/strong><\/em><br \/>\n<em> Conclure \u00e0 la r\u00e9colte : <strong>c&#8217;est facile.<\/strong><\/em><br \/>\n<em> G\u00e9rer la dose, la fractionner, l&#8217;adapter aux conditions de l&#8217;ann\u00e9e : <strong>c&#8217;est plus difficile.<\/strong><\/em><br \/>\n<em> Mettre tous les atouts dans son jeu : <strong>c&#8217;est pas si difficile.<\/strong><\/em><\/p>\n<h6 style=\"text-align: center\">Pr\u00e9voir la m\u00e9t\u00e9o du printemps : c&#8217;est impossible<\/h6>\n<\/div><\/div><\/div><\/div><\/div><\/div><\/div><\/section><section class=\"l-section wpb_row height_medium\"><div class=\"l-section-h i-cf\"><div class=\"g-cols vc_row via_flex valign_top type_default stacking_default\"><div class=\"vc_col-sm-8 wpb_column vc_column_container\"><div class=\"vc_column-inner\"><div class=\"wpb_wrapper\"><div class=\"wpb_text_column\"><div class=\"wpb_wrapper\"><h3>Quelle quantit\u00e9 d&#8217;azote vais-je devoir apporter sur mes bl\u00e9s?<\/h3>\n<p>La r\u00e9ponse est difficile puisque les conditions climatiques sont alors pas connues.<br \/>\nCelles-ci vont influer sur une multitude de param\u00e8tres comme le niveau de rendement, la teneur en prot\u00e9ines, le risque de verse, le risque de germination sur pied, la consommation en eau du couvert v\u00e9g\u00e9tal, l&#8217;\u00e9chaudage, la min\u00e9ralisation, la facult\u00e9 d&#8217;absorption racinaire de l&#8217;azote, le risque d&#8217;entrainement de l&#8217;azote vers le sous sol et les nappes phr\u00e9atiques.<\/p>\n<h3>Apporter de l&#8217;azote autrement et sans risque<\/h3>\n<p>La question est de savoir comment g\u00e9rer l&#8217;inconnue de la m\u00e9t\u00e9o en fin de cycle. Aucune pr\u00e9vision ne permet de savoir si le potentiel vis\u00e9 sera atteint, d\u00e9pass\u00e9, ou amput\u00e9. La pulv\u00e9risation cibl\u00e9e permise par <strong>Balsamo<\/strong>, n&#8217;accroit ni le risque de verse, ni celui d&#8217;\u00e9chaudage. Son excellente efficience permet plus d&#8217;unit\u00e9s efficaces avec une dose moindre (\u00e9quivalence exp\u00e9rimentale d\u00e9montr\u00e9e pour 33 unit\u00e9s au sol apport\u00e9s tardivement + effet qualit\u00e9 d&#8217;\u00e9pandage sur v\u00e9g\u00e9tation d\u00e9velopp\u00e9e = 45 unit\u00e9s d&#8217;\u00e9quivalence apport au sol).<\/p>\n<\/div><\/div><\/div><\/div><\/div><div class=\"vc_col-sm-4 wpb_column vc_column_container\"><div class=\"vc_column-inner\"><div class=\"wpb_wrapper\"><div class=\"w-image align_none\"><div class=\"w-image-h\"><img decoding=\"async\" width=\"333\" height=\"500\" src=\"https:\/\/viavegetale.com\/wp-content\/uploads\/2014\/10\/\u00e9pi-bl\u00e9.jpg\" class=\"attachment-full size-full\" alt=\"\" loading=\"lazy\" srcset=\"https:\/\/viavegetale.com\/wp-content\/uploads\/2014\/10\/\u00e9pi-bl\u00e9.jpg 333w, https:\/\/viavegetale.com\/wp-content\/uploads\/2014\/10\/\u00e9pi-bl\u00e9-199x300.jpg 199w, https:\/\/viavegetale.com\/wp-content\/uploads\/2014\/10\/\u00e9pi-bl\u00e9-133x200.jpg 133w\" sizes=\"auto, (max-width: 333px) 100vw, 333px\" \/><\/div><\/div><\/div><\/div><\/div><\/div><\/div><\/section><section class=\"l-section wpb_row height_medium color_alternate with_img parallax_ver\"><div class=\"l-section-img\" role=\"img\" aria-label=\"Image\" data-img-width=\"1400\" data-img-height=\"917\" style=\"background-image: url(https:\/\/viavegetale.com\/wp-content\/uploads\/2014\/10\/blurry-bg.jpg);\"><\/div><div class=\"l-section-h i-cf\"><div class=\"g-cols vc_row via_flex valign_top type_default stacking_default\"><div class=\"vc_col-sm-12 wpb_column vc_column_container\"><div class=\"vc_column-inner\"><div class=\"wpb_wrapper\"><div class=\"wpb_text_column\"><div class=\"wpb_wrapper\"><h6 style=\"text-align: center\"><span style=\"color: #ffffff\">Un apport d&#8217;azote par pulv\u00e9risation foliaire au stade montaison ou \u00e9piaison permet d&#8217;am\u00e9liorer l&#8217;efficience de l&#8217;azote et d&#8217;assurer une bonne nutrition des plantes.<\/span><\/h6>\n<\/div><\/div><\/div><\/div><\/div><\/div><\/div><\/section><section class=\"l-section wpb_row height_medium\"><div class=\"l-section-h i-cf\"><div class=\"g-cols vc_row via_flex valign_top type_default stacking_default\"><div class=\"vc_col-sm-6 wpb_column vc_column_container\"><div class=\"vc_column-inner\"><div class=\"wpb_wrapper\"><div class=\"w-btn-wrapper align_none\"><a class=\"w-btn us-btn-style_5 us_custom_80a192e9 icon_atleft\" href=\"\/stade-physiologique\"><i class=\"fas fa-arrow-left\"><\/i><span class=\"w-btn-label\">Stade physiologique<\/span><\/a><\/div><\/div><\/div><\/div><div class=\"vc_col-sm-6 wpb_column vc_column_container\"><div class=\"vc_column-inner\"><div class=\"wpb_wrapper\"><div class=\"w-btn-wrapper align_right\"><a class=\"w-btn us-btn-style_5 us_custom_80a192e9 icon_atleft\" href=\"http:\/\/www.viavegetale.com\/en\/about-nitrogen\/wheat-distribution-of-the-nitrogen\/\"><i class=\"fas fa-arrow-right\"><\/i><span class=\"w-btn-label\">R\u00e9partition de l&#8217;azote<\/span><\/a><\/div><\/div><\/div><\/div><\/div><\/div><\/section>\n","protected":false},"excerpt":{"rendered":"Sustainable Nitrogen supplyHomePagesD\u00e9terminer une dose d&#8217;azote pr\u00e9visionnelle : c&#8217;est facile. Conclure \u00e0 la r\u00e9colte : c&#8217;est facile. G\u00e9rer la dose, la fractionner, l&#8217;adapter aux conditions de l&#8217;ann\u00e9e : c&#8217;est plus difficile. Mettre tous les atouts dans son jeu : c&#8217;est pas si difficile. Pr\u00e9voir la m\u00e9t\u00e9o du printemps : c&#8217;est impossible Quelle quantit\u00e9 d&#8217;azote vais-je...","protected":false},"author":1,"featured_media":0,"parent":3647,"menu_order":4,"comment_status":"closed","ping_status":"closed","template":"","meta":{"footnotes":""},"class_list":["post-3672","page","type-page","status-publish","hentry"],"yoast_head":"<!-- This site is optimized with the Yoast SEO plugin v27.1.1 - https:\/\/yoast.com\/product\/yoast-seo-wordpress\/ -->\n<title>Sustainable Nitrogen supply for wheat<\/title>\n<meta name=\"description\" content=\"With Balsamo, your nitrogen supply are sustainable and your wheat takes full advantage of the weather by Balsamo.\" \/>\n<meta name=\"robots\" content=\"index, follow, max-snippet:-1, max-image-preview:large, max-video-preview:-1\" \/>\n<link rel=\"canonical\" href=\"https:\/\/viavegetale.com\/en\/about-nitrogen\/sustainable-nitrogen-supply-for-wheat\/\" \/>\n<meta property=\"og:locale\" content=\"en_US\" \/>\n<meta property=\"og:type\" content=\"article\" \/>\n<meta property=\"og:title\" content=\"Sustainable Nitrogen supply for wheat\" \/>\n<meta property=\"og:description\" content=\"With Balsamo, your nitrogen supply are sustainable and your wheat takes full advantage of the weather by Balsamo.\" \/>\n<meta property=\"og:url\" content=\"https:\/\/viavegetale.com\/en\/about-nitrogen\/sustainable-nitrogen-supply-for-wheat\/\" \/>\n<meta property=\"og:site_name\" content=\"Viavegetale\" \/>\n<meta property=\"article:publisher\" content=\"https:\/\/www.facebook.com\/viavegetale\" \/>\n<meta property=\"article:modified_time\" content=\"2020-03-04T08:58:12+00:00\" \/>\n<meta name=\"twitter:label1\" content=\"Est. reading time\" \/>\n\t<meta name=\"twitter:data1\" content=\"2 minutes\" \/>\n<script type=\"application\/ld+json\" class=\"yoast-schema-graph\">{\"@context\":\"https:\/\/schema.org\",\"@graph\":[{\"@type\":\"WebPage\",\"@id\":\"https:\/\/viavegetale.com\/en\/about-nitrogen\/sustainable-nitrogen-supply-for-wheat\/\",\"url\":\"https:\/\/viavegetale.com\/en\/about-nitrogen\/sustainable-nitrogen-supply-for-wheat\/\",\"name\":\"Sustainable Nitrogen supply for wheat\",\"isPartOf\":{\"@id\":\"https:\/\/viavegetale.com\/#website\"},\"datePublished\":\"2014-10-13T10:06:47+00:00\",\"dateModified\":\"2020-03-04T08:58:12+00:00\",\"description\":\"With Balsamo, your nitrogen supply are sustainable and your wheat takes full advantage of the weather by Balsamo.\",\"breadcrumb\":{\"@id\":\"https:\/\/viavegetale.com\/en\/about-nitrogen\/sustainable-nitrogen-supply-for-wheat\/#breadcrumb\"},\"inLanguage\":\"en-US\",\"potentialAction\":[{\"@type\":\"ReadAction\",\"target\":[\"https:\/\/viavegetale.com\/en\/about-nitrogen\/sustainable-nitrogen-supply-for-wheat\/\"]}]},{\"@type\":\"BreadcrumbList\",\"@id\":\"https:\/\/viavegetale.com\/en\/about-nitrogen\/sustainable-nitrogen-supply-for-wheat\/#breadcrumb\",\"itemListElement\":[{\"@type\":\"ListItem\",\"position\":1,\"name\":\"Accueil\",\"item\":\"https:\/\/viavegetale.com\/en\/\"},{\"@type\":\"ListItem\",\"position\":2,\"name\":\"About nitrogen\",\"item\":\"https:\/\/viavegetale.com\/en\/about-nitrogen\/\"},{\"@type\":\"ListItem\",\"position\":3,\"name\":\"Sustainable Nitrogen supply\"}]},{\"@type\":\"WebSite\",\"@id\":\"https:\/\/viavegetale.com\/#website\",\"url\":\"https:\/\/viavegetale.com\/\",\"name\":\"Viavegetale\",\"description\":\"\",\"potentialAction\":[{\"@type\":\"SearchAction\",\"target\":{\"@type\":\"EntryPoint\",\"urlTemplate\":\"https:\/\/viavegetale.com\/?s={search_term_string}\"},\"query-input\":{\"@type\":\"PropertyValueSpecification\",\"valueRequired\":true,\"valueName\":\"search_term_string\"}}],\"inLanguage\":\"en-US\"}]}<\/script>\n<!-- \/ Yoast SEO plugin. -->","yoast_head_json":{"title":"Sustainable Nitrogen supply for wheat","description":"With Balsamo, your nitrogen supply are sustainable and your wheat takes full advantage of the weather by Balsamo.","robots":{"index":"index","follow":"follow","max-snippet":"max-snippet:-1","max-image-preview":"max-image-preview:large","max-video-preview":"max-video-preview:-1"},"canonical":"https:\/\/viavegetale.com\/en\/about-nitrogen\/sustainable-nitrogen-supply-for-wheat\/","og_locale":"en_US","og_type":"article","og_title":"Sustainable Nitrogen supply for wheat","og_description":"With Balsamo, your nitrogen supply are sustainable and your wheat takes full advantage of the weather by Balsamo.","og_url":"https:\/\/viavegetale.com\/en\/about-nitrogen\/sustainable-nitrogen-supply-for-wheat\/","og_site_name":"Viavegetale","article_publisher":"https:\/\/www.facebook.com\/viavegetale","article_modified_time":"2020-03-04T08:58:12+00:00","twitter_misc":{"Est. reading time":"2 minutes"},"schema":{"@context":"https:\/\/schema.org","@graph":[{"@type":"WebPage","@id":"https:\/\/viavegetale.com\/en\/about-nitrogen\/sustainable-nitrogen-supply-for-wheat\/","url":"https:\/\/viavegetale.com\/en\/about-nitrogen\/sustainable-nitrogen-supply-for-wheat\/","name":"Sustainable Nitrogen supply for wheat","isPartOf":{"@id":"https:\/\/viavegetale.com\/#website"},"datePublished":"2014-10-13T10:06:47+00:00","dateModified":"2020-03-04T08:58:12+00:00","description":"With Balsamo, your nitrogen supply are sustainable and your wheat takes full advantage of the weather by Balsamo.","breadcrumb":{"@id":"https:\/\/viavegetale.com\/en\/about-nitrogen\/sustainable-nitrogen-supply-for-wheat\/#breadcrumb"},"inLanguage":"en-US","potentialAction":[{"@type":"ReadAction","target":["https:\/\/viavegetale.com\/en\/about-nitrogen\/sustainable-nitrogen-supply-for-wheat\/"]}]},{"@type":"BreadcrumbList","@id":"https:\/\/viavegetale.com\/en\/about-nitrogen\/sustainable-nitrogen-supply-for-wheat\/#breadcrumb","itemListElement":[{"@type":"ListItem","position":1,"name":"Accueil","item":"https:\/\/viavegetale.com\/en\/"},{"@type":"ListItem","position":2,"name":"About nitrogen","item":"https:\/\/viavegetale.com\/en\/about-nitrogen\/"},{"@type":"ListItem","position":3,"name":"Sustainable Nitrogen supply"}]},{"@type":"WebSite","@id":"https:\/\/viavegetale.com\/#website","url":"https:\/\/viavegetale.com\/","name":"Viavegetale","description":"","potentialAction":[{"@type":"SearchAction","target":{"@type":"EntryPoint","urlTemplate":"https:\/\/viavegetale.com\/?s={search_term_string}"},"query-input":{"@type":"PropertyValueSpecification","valueRequired":true,"valueName":"search_term_string"}}],"inLanguage":"en-US"}]}},"_links":{"self":[{"href":"https:\/\/viavegetale.com\/en\/wp-json\/wp\/v2\/pages\/3672","targetHints":{"allow":["GET"]}}],"collection":[{"href":"https:\/\/viavegetale.com\/en\/wp-json\/wp\/v2\/pages"}],"about":[{"href":"https:\/\/viavegetale.com\/en\/wp-json\/wp\/v2\/types\/page"}],"author":[{"embeddable":true,"href":"https:\/\/viavegetale.com\/en\/wp-json\/wp\/v2\/users\/1"}],"replies":[{"embeddable":true,"href":"https:\/\/viavegetale.com\/en\/wp-json\/wp\/v2\/comments?post=3672"}],"version-history":[{"count":22,"href":"https:\/\/viavegetale.com\/en\/wp-json\/wp\/v2\/pages\/3672\/revisions"}],"predecessor-version":[{"id":6489,"href":"https:\/\/viavegetale.com\/en\/wp-json\/wp\/v2\/pages\/3672\/revisions\/6489"}],"up":[{"embeddable":true,"href":"https:\/\/viavegetale.com\/en\/wp-json\/wp\/v2\/pages\/3647"}],"wp:attachment":[{"href":"https:\/\/viavegetale.com\/en\/wp-json\/wp\/v2\/media?parent=3672"}],"curies":[{"name":"wp","href":"https:\/\/api.w.org\/{rel}","templated":true}]}}