{"id":3674,"date":"2014-10-13T11:07:34","date_gmt":"2014-10-13T10:07:34","guid":{"rendered":"https:\/\/viavegetale.com\/?page_id=3674"},"modified":"2020-03-04T09:58:12","modified_gmt":"2020-03-04T08:58:12","slug":"wheat-distribution-of-the-nitrogen","status":"publish","type":"page","link":"https:\/\/viavegetale.com\/en\/about-nitrogen\/wheat-distribution-of-the-nitrogen\/","title":{"rendered":"Distribution of the nitrogen"},"content":{"rendered":"<section class=\"l-section wpb_row us_custom_e11ab399 height_small\"><div class=\"l-section-h i-cf\"><div class=\"g-cols vc_row via_flex valign_middle type_default stacking_default\"><div class=\"vc_col-sm-6 wpb_column vc_column_container\"><div class=\"vc_column-inner\"><div class=\"wpb_wrapper\"><h1 class=\"w-post-elm post_title us_custom_607cd7e8 entry-title color_link_inherit\">Distribution of the nitrogen<\/h1><\/div><\/div><\/div><div class=\"vc_col-sm-6 wpb_column vc_column_container\"><div class=\"vc_column-inner\"><div class=\"wpb_wrapper\"><nav class=\"g-breadcrumbs us_custom_ea2be81a separator_icon align_right\" itemscope itemtype=\"http:\/\/schema.org\/BreadcrumbList\"><div class=\"g-breadcrumbs-item\" itemscope itemprop=\"itemListElement\" itemtype=\"http:\/\/schema.org\/ListItem\"><a itemprop=\"item\" href=\"https:\/\/viavegetale.com\/en\/\"><span itemprop=\"name\">Home<\/span><\/a><meta itemprop=\"position\" content=\"1\"\/><\/div><div class=\"g-breadcrumbs-separator\"><i class=\"far fa-angle-right\"><\/i><\/div><div class=\"g-breadcrumbs-item\">Pages<\/div><\/nav><\/div><\/div><\/div><\/div><\/div><\/section><section class=\"l-section wpb_row height_medium\"><div class=\"l-section-h i-cf\"><div class=\"g-cols vc_row via_flex valign_top type_default stacking_default\"><div class=\"vc_col-sm-6 wpb_column vc_column_container\"><div class=\"vc_column-inner\"><div class=\"wpb_wrapper\"><div class=\"wpb_text_column\"><div class=\"wpb_wrapper\"><h3>Azote : la r\u00e9partition est tr\u00e8s importante en fin de cycle<\/h3>\n<p>La mise en oeuvre d&#8217;un \u00e9pandage d&#8217;engrais granul\u00e9s \u00e0 partir d&#8217;un r\u00e9sultat exp\u00e9rimental doit \u00eatre r\u00e9fl\u00e9chi en int\u00e9grant les performances de l&#8217;outil d&#8217;\u00e9pandage dans les conditions que vous rencontrez dans votre parcelle. Ainsi la qualit\u00e9 de r\u00e9partition est d\u00e9grad\u00e9e par la hauteur de v\u00e9g\u00e9tation, les orni\u00e8res, le cahotement, la pente&#8230; Toutes choses qui p\u00e9nalisent le fonctionnement d&#8217;un \u00e9pandeur et qui sont tr\u00e8s amplifi\u00e9es lors de l&#8217;utilisation d\u00e8s le d\u00e9but de l&#8217;\u00e9piaison.<br \/>\nUn indice de r\u00e9partition (coefficient de variation) de 25%, c&#8217;est une dose qui varie, selon les secteurs de la parcelle de 60% a 160% de la dose globalement \u00e9pandue. Les zones sur-fertilis\u00e9es ne compensent pas les zones sous-fertilis\u00e9es. Le taux de prot\u00e9ines, le rendement et la marge en sont affect\u00e9s. (source Perspective Agricole d\u00e9cembre 2000).<\/p>\n<\/div><\/div><\/div><\/div><\/div><div class=\"vc_col-sm-6 wpb_column vc_column_container\"><div class=\"vc_column-inner\"><div class=\"wpb_wrapper\"><div class=\"w-slider style_none fit_scaledown nav_none count_2\"><div class=\"w-slider-h\" aria-hidden=\"true\"><div class=\"royalSlider\"><div class=\"rsContent\"><a class=\"rsImg\" data-rsw=\"600\" data-rsh=\"430\" href=\"https:\/\/viavegetale.com\/wp-content\/uploads\/2014\/10\/repartition11.jpg\"><span data-alt=\"\"><\/span><\/a><\/div><div class=\"rsContent\"><a class=\"rsImg\" data-rsw=\"600\" data-rsh=\"430\" href=\"https:\/\/viavegetale.com\/wp-content\/uploads\/2014\/10\/repartition21.jpg\"><span data-alt=\"\"><\/span><\/a><\/div><\/div><img decoding=\"async\" src=\"https:\/\/viavegetale.com\/wp-content\/uploads\/2014\/10\/repartition11.jpg\" width=\"600\" height=\"430\" alt loading=\"lazy\"><\/div><div class=\"w-slider-json\" onclick='return {&quot;autoScaleSlider&quot;:true,&quot;addActiveClass&quot;:true,&quot;loop&quot;:true,&quot;fadeInLoadedSlide&quot;:false,&quot;slidesSpacing&quot;:0,&quot;imageScalePadding&quot;:0,&quot;numImagesToPreload&quot;:2,&quot;arrowsNav&quot;:true,&quot;arrowsNavAutoHide&quot;:false,&quot;transitionType&quot;:&quot;move&quot;,&quot;transitionSpeed&quot;:250,&quot;block&quot;:{&quot;moveEffect&quot;:&quot;none&quot;,&quot;speed&quot;:300},&quot;thumbs&quot;:{&quot;fitInViewport&quot;:false,&quot;firstMargin&quot;:false,&quot;spacing&quot;:4},&quot;controlNavigation&quot;:&quot;none&quot;,&quot;autoplay&quot;:{&quot;enabled&quot;:true,&quot;pauseOnHover&quot;:true,&quot;delay&quot;:3000},&quot;autoScaleSliderWidth&quot;:600,&quot;autoScaleSliderHeight&quot;:430}'><\/div><\/div><\/div><\/div><\/div><\/div><\/div><\/section><section class=\"l-section wpb_row height_medium color_alternate with_img parallax_ver\"><div class=\"l-section-img\" role=\"img\" aria-label=\"Image\" data-img-width=\"1500\" data-img-height=\"768\" style=\"background-image: url(https:\/\/viavegetale.com\/wp-content\/uploads\/2014\/10\/Photos_Xenon_3V2.jpg);\"><\/div><div class=\"l-section-h i-cf\"><div class=\"g-cols vc_row via_flex valign_top type_default stacking_default\"><div class=\"vc_col-sm-6 wpb_column vc_column_container\"><div class=\"vc_column-inner\"><div class=\"wpb_wrapper\"><div class=\"wpb_text_column\"><div class=\"wpb_wrapper\"><h3><strong>Solutions VIA VEGETALE<\/strong><\/h3>\n<p><span style=\"color: #01301a\"><strong>Avec votre rampe, vous avez la m\u00eame pr\u00e9cision de 2 \u00e0 48 m\u00e8tres (indice de r\u00e9partition constant et de l&#8217;ordre de 1 \u00e0 4%). En fin de cycle la pr\u00e9cision de r\u00e9partition est essentielle.<\/strong><\/span><br \/>\n<span style=\"color: #01301a\"> <strong> Ainsi, par exemple, les utilisateurs de Balsamo sur bl\u00e9 dur constatent de mani\u00e8re encore plus \u00e9vidente que le mitadinage est r\u00e9duit de fa\u00e7on beaucoup plus homog\u00e8ne, avec beaucoup moins d&#8217;azote&#8230;<\/strong><\/span><\/p>\n<\/div><\/div><div class=\"w-btn-wrapper align_none\"><a class=\"w-btn us-btn-style_4 us_custom_80a192e9\" href=\"http:\/\/www.viavegetale.com\/en\/products\/\"><span class=\"w-btn-label\">D\u00e9couvrez nos produits<\/span><\/a><\/div><\/div><\/div><\/div><div class=\"vc_col-sm-6 wpb_column vc_column_container\"><div class=\"vc_column-inner\"><div class=\"wpb_wrapper\"><\/div><\/div><\/div><\/div><\/div><\/section><section class=\"l-section wpb_row height_medium\"><div class=\"l-section-h i-cf\"><div class=\"g-cols vc_row via_flex valign_top type_default stacking_default\"><div class=\"vc_col-sm-12 wpb_column vc_column_container\"><div class=\"vc_column-inner\"><div class=\"wpb_wrapper\"><div class=\"w-btn-wrapper align_none\"><a class=\"w-btn us-btn-style_5 us_custom_80a192e9 icon_atleft\" href=\"\/apport-azote-raisonne\"><i class=\"fas fa-arrow-left\"><\/i><span class=\"w-btn-label\">Apport azot\u00e9 raisonn\u00e9<\/span><\/a><\/div><\/div><\/div><\/div><\/div><\/div><\/section>\n","protected":false},"excerpt":{"rendered":"Distribution of the nitrogenHomePagesAzote : la r\u00e9partition est tr\u00e8s importante en fin de cycle La mise en oeuvre d&#8217;un \u00e9pandage d&#8217;engrais granul\u00e9s \u00e0 partir d&#8217;un r\u00e9sultat exp\u00e9rimental doit \u00eatre r\u00e9fl\u00e9chi en int\u00e9grant les performances de l&#8217;outil d&#8217;\u00e9pandage dans les conditions que vous rencontrez dans votre parcelle. Ainsi la qualit\u00e9 de r\u00e9partition est d\u00e9grad\u00e9e par la...","protected":false},"author":1,"featured_media":0,"parent":3647,"menu_order":5,"comment_status":"closed","ping_status":"open","template":"","meta":{"footnotes":""},"class_list":["post-3674","page","type-page","status-publish","hentry"],"yoast_head":"<!-- This site is optimized with the Yoast SEO plugin v27.1.1 - https:\/\/yoast.com\/product\/yoast-seo-wordpress\/ -->\n<title>Nitrogen : its distribution is very important at the end of cycle of wheat growth<\/title>\n<meta name=\"description\" content=\"The distribution of nitrogen is very important at the end of the cycle of growth for wheat.\" \/>\n<meta name=\"robots\" content=\"index, follow, max-snippet:-1, max-image-preview:large, max-video-preview:-1\" \/>\n<link rel=\"canonical\" href=\"https:\/\/viavegetale.com\/en\/about-nitrogen\/wheat-distribution-of-the-nitrogen\/\" \/>\n<meta property=\"og:locale\" content=\"en_US\" \/>\n<meta property=\"og:type\" content=\"article\" \/>\n<meta property=\"og:title\" content=\"Nitrogen : its distribution is very important at the end of cycle of wheat growth\" \/>\n<meta property=\"og:description\" content=\"The distribution of nitrogen is very important at the end of the cycle of growth for wheat.\" \/>\n<meta property=\"og:url\" content=\"https:\/\/viavegetale.com\/en\/about-nitrogen\/wheat-distribution-of-the-nitrogen\/\" \/>\n<meta property=\"og:site_name\" content=\"Viavegetale\" \/>\n<meta property=\"article:publisher\" content=\"https:\/\/www.facebook.com\/viavegetale\" \/>\n<meta property=\"article:modified_time\" content=\"2020-03-04T08:58:12+00:00\" \/>\n<meta name=\"twitter:label1\" content=\"Est. reading time\" \/>\n\t<meta name=\"twitter:data1\" content=\"2 minutes\" \/>\n<script type=\"application\/ld+json\" class=\"yoast-schema-graph\">{\"@context\":\"https:\/\/schema.org\",\"@graph\":[{\"@type\":\"WebPage\",\"@id\":\"https:\/\/viavegetale.com\/en\/about-nitrogen\/wheat-distribution-of-the-nitrogen\/\",\"url\":\"https:\/\/viavegetale.com\/en\/about-nitrogen\/wheat-distribution-of-the-nitrogen\/\",\"name\":\"Nitrogen : its distribution is very important at the end of cycle of wheat growth\",\"isPartOf\":{\"@id\":\"https:\/\/viavegetale.com\/#website\"},\"datePublished\":\"2014-10-13T10:07:34+00:00\",\"dateModified\":\"2020-03-04T08:58:12+00:00\",\"description\":\"The distribution of nitrogen is very important at the end of the cycle of growth for wheat.\",\"breadcrumb\":{\"@id\":\"https:\/\/viavegetale.com\/en\/about-nitrogen\/wheat-distribution-of-the-nitrogen\/#breadcrumb\"},\"inLanguage\":\"en-US\",\"potentialAction\":[{\"@type\":\"ReadAction\",\"target\":[\"https:\/\/viavegetale.com\/en\/about-nitrogen\/wheat-distribution-of-the-nitrogen\/\"]}]},{\"@type\":\"BreadcrumbList\",\"@id\":\"https:\/\/viavegetale.com\/en\/about-nitrogen\/wheat-distribution-of-the-nitrogen\/#breadcrumb\",\"itemListElement\":[{\"@type\":\"ListItem\",\"position\":1,\"name\":\"Accueil\",\"item\":\"https:\/\/viavegetale.com\/en\/\"},{\"@type\":\"ListItem\",\"position\":2,\"name\":\"About nitrogen\",\"item\":\"https:\/\/viavegetale.com\/en\/about-nitrogen\/\"},{\"@type\":\"ListItem\",\"position\":3,\"name\":\"Distribution of the nitrogen\"}]},{\"@type\":\"WebSite\",\"@id\":\"https:\/\/viavegetale.com\/#website\",\"url\":\"https:\/\/viavegetale.com\/\",\"name\":\"Viavegetale\",\"description\":\"\",\"potentialAction\":[{\"@type\":\"SearchAction\",\"target\":{\"@type\":\"EntryPoint\",\"urlTemplate\":\"https:\/\/viavegetale.com\/?s={search_term_string}\"},\"query-input\":{\"@type\":\"PropertyValueSpecification\",\"valueRequired\":true,\"valueName\":\"search_term_string\"}}],\"inLanguage\":\"en-US\"}]}<\/script>\n<!-- \/ Yoast SEO plugin. -->","yoast_head_json":{"title":"Nitrogen : its distribution is very important at the end of cycle of wheat growth","description":"The distribution of nitrogen is very important at the end of the cycle of growth for wheat.","robots":{"index":"index","follow":"follow","max-snippet":"max-snippet:-1","max-image-preview":"max-image-preview:large","max-video-preview":"max-video-preview:-1"},"canonical":"https:\/\/viavegetale.com\/en\/about-nitrogen\/wheat-distribution-of-the-nitrogen\/","og_locale":"en_US","og_type":"article","og_title":"Nitrogen : its distribution is very important at the end of cycle of wheat growth","og_description":"The distribution of nitrogen is very important at the end of the cycle of growth for wheat.","og_url":"https:\/\/viavegetale.com\/en\/about-nitrogen\/wheat-distribution-of-the-nitrogen\/","og_site_name":"Viavegetale","article_publisher":"https:\/\/www.facebook.com\/viavegetale","article_modified_time":"2020-03-04T08:58:12+00:00","twitter_misc":{"Est. reading time":"2 minutes"},"schema":{"@context":"https:\/\/schema.org","@graph":[{"@type":"WebPage","@id":"https:\/\/viavegetale.com\/en\/about-nitrogen\/wheat-distribution-of-the-nitrogen\/","url":"https:\/\/viavegetale.com\/en\/about-nitrogen\/wheat-distribution-of-the-nitrogen\/","name":"Nitrogen : its distribution is very important at the end of cycle of wheat growth","isPartOf":{"@id":"https:\/\/viavegetale.com\/#website"},"datePublished":"2014-10-13T10:07:34+00:00","dateModified":"2020-03-04T08:58:12+00:00","description":"The distribution of nitrogen is very important at the end of the cycle of growth for wheat.","breadcrumb":{"@id":"https:\/\/viavegetale.com\/en\/about-nitrogen\/wheat-distribution-of-the-nitrogen\/#breadcrumb"},"inLanguage":"en-US","potentialAction":[{"@type":"ReadAction","target":["https:\/\/viavegetale.com\/en\/about-nitrogen\/wheat-distribution-of-the-nitrogen\/"]}]},{"@type":"BreadcrumbList","@id":"https:\/\/viavegetale.com\/en\/about-nitrogen\/wheat-distribution-of-the-nitrogen\/#breadcrumb","itemListElement":[{"@type":"ListItem","position":1,"name":"Accueil","item":"https:\/\/viavegetale.com\/en\/"},{"@type":"ListItem","position":2,"name":"About nitrogen","item":"https:\/\/viavegetale.com\/en\/about-nitrogen\/"},{"@type":"ListItem","position":3,"name":"Distribution of the nitrogen"}]},{"@type":"WebSite","@id":"https:\/\/viavegetale.com\/#website","url":"https:\/\/viavegetale.com\/","name":"Viavegetale","description":"","potentialAction":[{"@type":"SearchAction","target":{"@type":"EntryPoint","urlTemplate":"https:\/\/viavegetale.com\/?s={search_term_string}"},"query-input":{"@type":"PropertyValueSpecification","valueRequired":true,"valueName":"search_term_string"}}],"inLanguage":"en-US"}]}},"_links":{"self":[{"href":"https:\/\/viavegetale.com\/en\/wp-json\/wp\/v2\/pages\/3674","targetHints":{"allow":["GET"]}}],"collection":[{"href":"https:\/\/viavegetale.com\/en\/wp-json\/wp\/v2\/pages"}],"about":[{"href":"https:\/\/viavegetale.com\/en\/wp-json\/wp\/v2\/types\/page"}],"author":[{"embeddable":true,"href":"https:\/\/viavegetale.com\/en\/wp-json\/wp\/v2\/users\/1"}],"replies":[{"embeddable":true,"href":"https:\/\/viavegetale.com\/en\/wp-json\/wp\/v2\/comments?post=3674"}],"version-history":[{"count":18,"href":"https:\/\/viavegetale.com\/en\/wp-json\/wp\/v2\/pages\/3674\/revisions"}],"predecessor-version":[{"id":6490,"href":"https:\/\/viavegetale.com\/en\/wp-json\/wp\/v2\/pages\/3674\/revisions\/6490"}],"up":[{"embeddable":true,"href":"https:\/\/viavegetale.com\/en\/wp-json\/wp\/v2\/pages\/3647"}],"wp:attachment":[{"href":"https:\/\/viavegetale.com\/en\/wp-json\/wp\/v2\/media?parent=3674"}],"curies":[{"name":"wp","href":"https:\/\/api.w.org\/{rel}","templated":true}]}}